{"id":25,"date":"2022-09-28T11:21:05","date_gmt":"2022-09-28T11:21:05","guid":{"rendered":"http:\/\/affaislamientos.com\/?page_id=25"},"modified":"2023-06-02T15:01:44","modified_gmt":"2023-06-02T15:01:44","slug":"inicio","status":"publish","type":"page","link":"https:\/\/affaislamientos.com\/","title":{"rendered":"Inicio"},"content":{"rendered":"<div id='full_slider_1'  class='avia-fullwidth-slider main_color avia-shadow   avia-builder-el-0  el_before_av_one_full  avia-builder-el-first   container_wrap sidebar_right'  ><div  class='avia-slideshow av-l8udlcv6-456125a59240b45f34c9d558de19d21c avia-slideshow-featured av_slideshow_full avia-fade-slider av-slideshow-ui av-control-minimal av-no-slider-navigation av-slideshow-autoplay av-loop-endless av-loop-manual-endless av-default-height-applied  image_no_stretch avia-slideshow-1' data-slideshow-options=\"{&quot;animation&quot;:&quot;fade&quot;,&quot;autoplay&quot;:true,&quot;loop_autoplay&quot;:&quot;endless&quot;,&quot;interval&quot;:4,&quot;loop_manual&quot;:&quot;manual-endless&quot;,&quot;autoplay_stopper&quot;:false,&quot;noNavigation&quot;:false,&quot;bg_slider&quot;:false,&quot;keep_padding&quot;:false,&quot;hoverpause&quot;:false,&quot;show_slide_delay&quot;:0}\"  itemprop=\"image\" itemscope=\"itemscope\" itemtype=\"https:\/\/schema.org\/ImageObject\" ><ul class='avia-slideshow-inner ' style='padding-bottom: 28.666666666667%;'><li  class='avia-slideshow-slide av-l8udlcv6-456125a59240b45f34c9d558de19d21c__0  av-single-slide slide-1 slide-odd'><div data-rel='slideshow-1' class='avia-slide-wrap '   ><div class='av-slideshow-caption av-l8udlcv6-456125a59240b45f34c9d558de19d21c__0 caption_fullwidth caption_bottom'><div class=\"container caption_container\"><div class=\"slideshow_caption\"><div class=\"slideshow_inner_caption\"><div class=\"slideshow_align_caption\"><h2 class='avia-caption-title '  itemprop=\"name\" >UN EQUIPO INMEJORABLE<\/h2><div class='avia-caption-content '  itemprop=\"description\" ><p>Con nuestros clientes desde 1997<\/p>\n<\/div><a href='https:\/\/affaislamientos.com\/?page_id=33'  class='avia-slideshow-button avia-button avia-color-light ' data-duration='800' data-easing='easeInOutQuad'>D\u00f3nde estamos<\/a><\/div><\/div><\/div><\/div><\/div><img decoding=\"async\" class=\"wp-image-575 avia-img-lazy-loading-not-575\"  src=\"https:\/\/affaislamientos.com\/wp-content\/uploads\/2023\/06\/WhatsApp-Image-2023-05-25-at-09.31.16-1500x430.jpeg\" width=\"1500\" height=\"430\" title='WhatsApp Image 2023-05-25 at 09.31.16' alt=''  itemprop=\"thumbnailUrl\"   \/><\/div><\/li><\/ul><\/div><\/div><div id='after_full_slider_1'  class='main_color av_default_container_wrap container_wrap sidebar_right'  ><div class='container av-section-cont-open' ><div class='template-page content  av-content-small alpha units'><div class='post-entry post-entry-type-page post-entry-25'><div class='entry-content-wrapper clearfix'>\n<div class='flex_column av-2ht4d-4cd9daa588105448fd890c0190d5780d av_one_full  avia-builder-el-1  el_after_av_slideshow_full  el_before_av_one_full  avia-builder-el-first  first flex_column_div '     ><style type=\"text\/css\" data-created_by=\"avia_inline_auto\" id=\"style-css-av-l8t0tpgh-de5ead78b81eb24c1111b6fe764db141\">\n#top .av_textblock_section.av-l8t0tpgh-de5ead78b81eb24c1111b6fe764db141 .avia_textblock{\nfont-size:16px;\n}\n<\/style>\n<section  class='av_textblock_section av-l8t0tpgh-de5ead78b81eb24c1111b6fe764db141'  itemscope=\"itemscope\" itemtype=\"https:\/\/schema.org\/CreativeWork\" ><div class='avia_textblock'  itemprop=\"text\" ><p>AFF Aislamientos es una empresa especializada desde el a\u00f1o 1997 en la distribuci\u00f3n e instalaci\u00f3n de tabiquer\u00eda en seco, aislamientos y falsos techos.<\/p>\n<p>Confeccionamos sus presupuestos sin compromiso, ayudando a nuestros clientes a escoger la mejor soluci\u00f3n t\u00e9cnica.<\/p>\n<p>Somos distribuidores oficiales de Knauf, Ursa, Knauf Ceiling Solutions, Heradesing &#8230;, por lo que contamos con t\u00e9cnicos especializados en cada uno de ellos, e incluso, en el caso que sea necesario, podr\u00e1n estar a pie de obra cuando la situaci\u00f3n lo requiera<\/p>\n<p>Disponemos de un amplio equipo humano altamente cualificado y especializado en la utilizaci\u00f3n de sistemas innovadores para la construcci\u00f3n, que dan como resultado la plena satisfacci\u00f3n de nuestros clientes.<\/p>\n<p>Nuestra infraestructura almacenes, oficinas, veh\u00edculos y herramientas agiliza y garantiza nuestro trabajo.<\/p>\n<\/div><\/section><\/div><div class='flex_column av-194mt-1e8d69f0253d1d2ef51f78b2efd27e50 av_one_full  avia-builder-el-3  el_after_av_one_full  el_before_av_section  avia-builder-el-last  first flex_column_div column-top-margin'     ><style type=\"text\/css\" data-created_by=\"avia_inline_auto\" id=\"style-css-av-r0bh-188c56520f8863360e26a5fee9d8ad1f\">\n#top .hr.av-r0bh-188c56520f8863360e26a5fee9d8ad1f{\nmargin-top:30px;\nmargin-bottom:30px;\n}\n.hr.av-r0bh-188c56520f8863360e26a5fee9d8ad1f .hr-inner{\nwidth:100%;\n}\n<\/style>\n<div  class='hr av-r0bh-188c56520f8863360e26a5fee9d8ad1f hr-custom  avia-builder-el-4  avia-builder-el-no-sibling  hr-center hr-icon-no'><span class='hr-inner inner-border-av-border-fat'><span class=\"hr-inner-style\"><\/span><\/span><\/div><\/div><\/p>\n<\/div><\/div><\/div><!-- close content main div --><\/div><\/div><div id='nuestrosvalores'  class='avia-section av-l92p21hz-01137a4d20f83d28456d83f3acc95821 footer_color avia-section-default avia-no-border-styling  avia-builder-el-5  el_after_av_one_full  el_before_av_one_half  avia-bg-style-scroll av-minimum-height av-minimum-height-custom  container_wrap sidebar_right'   data-av_minimum_height_px='150'><div class='container av-section-cont-open' style='height:150px'><div class='template-page content  av-content-small alpha units'><div class='post-entry post-entry-type-page post-entry-25'><div class='entry-content-wrapper clearfix'>\n\n<style type=\"text\/css\" data-created_by=\"avia_inline_auto\" id=\"style-css-av-l8t0zqxn-a133bbaced1c27219ff89704d07e95a3\">\n#top .av-special-heading.av-l8t0zqxn-a133bbaced1c27219ff89704d07e95a3{\npadding-bottom:10px;\ncolor:#ffffff;\n}\nbody .av-special-heading.av-l8t0zqxn-a133bbaced1c27219ff89704d07e95a3 .av-special-heading-tag .heading-char{\nfont-size:25px;\n}\n.av-special-heading.av-l8t0zqxn-a133bbaced1c27219ff89704d07e95a3 .special-heading-inner-border{\nborder-color:#ffffff;\n}\n.av-special-heading.av-l8t0zqxn-a133bbaced1c27219ff89704d07e95a3 .av-subheading{\nfont-size:15px;\n}\n<\/style>\n<div  class='av-special-heading av-l8t0zqxn-a133bbaced1c27219ff89704d07e95a3 av-special-heading-h1 custom-color-heading blockquote modern-quote modern-centered  avia-builder-el-6  avia-builder-el-no-sibling '><h1 class='av-special-heading-tag'  itemprop=\"headline\"  >NUESTROS VALORES<\/h1><div class=\"special-heading-border\"><div class=\"special-heading-inner-border\"><\/div><\/div><\/div>\n<\/div><\/div><\/div><!-- close content main div --><\/div><\/div><div id='after_section_1'  class='main_color av_default_container_wrap container_wrap sidebar_right'  ><div class='container av-section-cont-open' ><div class='template-page content  av-content-small alpha units'><div class='post-entry post-entry-type-page post-entry-25'><div class='entry-content-wrapper clearfix'>\n<div class='flex_column av-2xnhp-ad2a0bdea9e24ebc63f3760bb98356ff av_one_half  avia-builder-el-7  el_after_av_section  el_before_av_one_half  avia-builder-el-first  first flex_column_div '     ><p>\n<style type=\"text\/css\" data-created_by=\"avia_inline_auto\" id=\"style-css-av-l8u1dnzb-e6e8e500260fc80ed62b1349f3856915\">\n.avia-image-container.av-l8u1dnzb-e6e8e500260fc80ed62b1349f3856915 img.avia_image{\nbox-shadow:none;\n}\n.avia-image-container.av-l8u1dnzb-e6e8e500260fc80ed62b1349f3856915 .av-image-caption-overlay-center{\ncolor:#ffffff;\n}\n<\/style>\n<div  class='avia-image-container av-l8u1dnzb-e6e8e500260fc80ed62b1349f3856915 av-styling- avia-align-center  avia-builder-el-8  el_before_av_heading  avia-builder-el-first '   itemprop=\"image\" itemscope=\"itemscope\" itemtype=\"https:\/\/schema.org\/ImageObject\" ><div class=\"avia-image-container-inner\"><div class=\"avia-image-overlay-wrap\"><img decoding=\"async\" class='wp-image-297 avia-img-lazy-loading-not-297 avia_image ' src=\"https:\/\/affaislamientos.com\/wp-content\/uploads\/2022\/10\/servicio-640x321.jpg\" alt='texto alternativo' title='servicio'  height=\"321\" width=\"640\"  itemprop=\"thumbnailUrl\"  \/><\/div><\/div><\/div><br \/>\n\n<style type=\"text\/css\" data-created_by=\"avia_inline_auto\" id=\"style-css-av-l8t196oa-f886c655626f7ebafa40fbbf22512448\">\n#top .av-special-heading.av-l8t196oa-f886c655626f7ebafa40fbbf22512448{\npadding-bottom:5px;\n}\nbody .av-special-heading.av-l8t196oa-f886c655626f7ebafa40fbbf22512448 .av-special-heading-tag .heading-char{\nfont-size:25px;\n}\n.av-special-heading.av-l8t196oa-f886c655626f7ebafa40fbbf22512448 .av-subheading{\nfont-size:15px;\n}\n<\/style>\n<div  class='av-special-heading av-l8t196oa-f886c655626f7ebafa40fbbf22512448 av-special-heading-h2 blockquote modern-quote  avia-builder-el-9  el_after_av_image  el_before_av_hr '><h2 class='av-special-heading-tag'  itemprop=\"headline\"  >Servicio<\/h2><div class=\"special-heading-border\"><div class=\"special-heading-inner-border\"><\/div><\/div><\/div><br \/>\n\n<style type=\"text\/css\" data-created_by=\"avia_inline_auto\" id=\"style-css-av-l8t1c0dy-c8ad4e7f9e1666ed8ae89deda1327e43\">\n#top .hr.av-l8t1c0dy-c8ad4e7f9e1666ed8ae89deda1327e43{\nmargin-top:0px;\nmargin-bottom:15px;\n}\n.hr.av-l8t1c0dy-c8ad4e7f9e1666ed8ae89deda1327e43 .hr-inner{\nwidth:150px;\n}\n<\/style>\n<div  class='hr av-l8t1c0dy-c8ad4e7f9e1666ed8ae89deda1327e43 hr-custom  avia-builder-el-10  el_after_av_heading  el_before_av_textblock  hr-left hr-icon-no'><span class='hr-inner inner-border-av-border-fat'><span class=\"hr-inner-style\"><\/span><\/span><\/div><br \/>\n<section  class='av_textblock_section av-l8u1agpt-0b74c1dea3cbee21fd3dd502db333092'  itemscope=\"itemscope\" itemtype=\"https:\/\/schema.org\/CreativeWork\" ><div class='avia_textblock'  itemprop=\"text\" ><p>Para mantenerse en el mercado actual hoy hay que ser competitivo, por ello, hacemos hincapi\u00e9 en la potenciaci\u00f3n del capital humano, que al fin y al cabo, es el art\u00edfice de los \u00e9xitos cosechados.<\/p>\n<\/div><\/section><\/p><\/div>\n<div class='flex_column av-1qhk1-0cef9a8acd44bdd0a66aaf718b751cdb av_one_half  avia-builder-el-12  el_after_av_one_half  el_before_av_one_half  flex_column_div '     ><p>\n<style type=\"text\/css\" data-created_by=\"avia_inline_auto\" id=\"style-css-av-l8u06lzr-e353ee60b4c424c695a4ea0f0c01aad9\">\n.avia-image-container.av-l8u06lzr-e353ee60b4c424c695a4ea0f0c01aad9 img.avia_image{\nbox-shadow:none;\n}\n.avia-image-container.av-l8u06lzr-e353ee60b4c424c695a4ea0f0c01aad9 .av-image-caption-overlay-center{\ncolor:#ffffff;\n}\n<\/style>\n<div  class='avia-image-container av-l8u06lzr-e353ee60b4c424c695a4ea0f0c01aad9 av-styling- avia-align-center  avia-builder-el-13  el_before_av_heading  avia-builder-el-first '   itemprop=\"image\" itemscope=\"itemscope\" itemtype=\"https:\/\/schema.org\/ImageObject\" ><div class=\"avia-image-container-inner\"><div class=\"avia-image-overlay-wrap\"><img decoding=\"async\" class='wp-image-290 avia-img-lazy-loading-not-290 avia_image ' src=\"https:\/\/affaislamientos.com\/wp-content\/uploads\/2022\/10\/garantia-640x321.jpg\" alt='' title='garantia'  height=\"321\" width=\"640\"  itemprop=\"thumbnailUrl\"  \/><\/div><\/div><\/div><br \/>\n\n<style type=\"text\/css\" data-created_by=\"avia_inline_auto\" id=\"style-css-av-l8t19jq1-cbd5e1711fda9621fc42c983e0e46d93\">\n#top .av-special-heading.av-l8t19jq1-cbd5e1711fda9621fc42c983e0e46d93{\npadding-bottom:5px;\n}\nbody .av-special-heading.av-l8t19jq1-cbd5e1711fda9621fc42c983e0e46d93 .av-special-heading-tag .heading-char{\nfont-size:25px;\n}\n.av-special-heading.av-l8t19jq1-cbd5e1711fda9621fc42c983e0e46d93 .av-subheading{\nfont-size:15px;\n}\n<\/style>\n<div  class='av-special-heading av-l8t19jq1-cbd5e1711fda9621fc42c983e0e46d93 av-special-heading-h2 blockquote modern-quote  avia-builder-el-14  el_after_av_image  el_before_av_hr '><h2 class='av-special-heading-tag'  itemprop=\"headline\"  >Garant\u00eda<\/h2><div class=\"special-heading-border\"><div class=\"special-heading-inner-border\"><\/div><\/div><\/div><br \/>\n\n<style type=\"text\/css\" data-created_by=\"avia_inline_auto\" id=\"style-css-av-l8t1ccqo-7461ecee5e305fe9ad1cae00ca5f806c\">\n#top .hr.av-l8t1ccqo-7461ecee5e305fe9ad1cae00ca5f806c{\nmargin-top:0px;\nmargin-bottom:15px;\n}\n.hr.av-l8t1ccqo-7461ecee5e305fe9ad1cae00ca5f806c .hr-inner{\nwidth:150px;\n}\n<\/style>\n<div  class='hr av-l8t1ccqo-7461ecee5e305fe9ad1cae00ca5f806c hr-custom  avia-builder-el-15  el_after_av_heading  el_before_av_textblock  hr-left hr-icon-no'><span class='hr-inner inner-border-av-border-fat'><span class=\"hr-inner-style\"><\/span><\/span><\/div><br \/>\n<section  class='av_textblock_section av-l8t1druc-e1522066d20fe40ac235380b36479c5d'  itemscope=\"itemscope\" itemtype=\"https:\/\/schema.org\/CreativeWork\" ><div class='avia_textblock'  itemprop=\"text\" ><p>La calidad de nuestros productos y la instalaci\u00f3n precisa de estos, garantiza el buen fin de nuestro trabajo.<\/p>\n<\/div><\/section><\/p><\/div>\n<div class='flex_column av-2mjkh-73f73e9cd671bf336639987aed7b7b87 av_one_half  avia-builder-el-17  el_after_av_one_half  el_before_av_one_half  first flex_column_div column-top-margin'     ><p>\n<style type=\"text\/css\" data-created_by=\"avia_inline_auto\" id=\"style-css-av-l8u1evsb-2253d0c0ad91b3e1eed606757677ade3\">\n.avia-image-container.av-l8u1evsb-2253d0c0ad91b3e1eed606757677ade3 img.avia_image{\nbox-shadow:none;\n}\n.avia-image-container.av-l8u1evsb-2253d0c0ad91b3e1eed606757677ade3 .av-image-caption-overlay-center{\ncolor:#ffffff;\n}\n<\/style>\n<div  class='avia-image-container av-l8u1evsb-2253d0c0ad91b3e1eed606757677ade3 av-styling- avia-align-center  avia-builder-el-18  el_before_av_heading  avia-builder-el-first '   itemprop=\"image\" itemscope=\"itemscope\" itemtype=\"https:\/\/schema.org\/ImageObject\" ><div class=\"avia-image-container-inner\"><div class=\"avia-image-overlay-wrap\"><img decoding=\"async\" class='wp-image-294 avia-img-lazy-loading-not-294 avia_image ' src=\"https:\/\/affaislamientos.com\/wp-content\/uploads\/2022\/10\/fountain-pen-g9a8147b85_640-640x321.jpg\" alt='' title='fountain-pen-g9a8147b85_640'  height=\"321\" width=\"640\"  itemprop=\"thumbnailUrl\"  \/><\/div><\/div><\/div><br \/>\n\n<style type=\"text\/css\" data-created_by=\"avia_inline_auto\" id=\"style-css-av-l8u1a4n3-fe40e5f63553b5f312cfd489a7473dd6\">\n#top .av-special-heading.av-l8u1a4n3-fe40e5f63553b5f312cfd489a7473dd6{\npadding-bottom:5px;\n}\nbody .av-special-heading.av-l8u1a4n3-fe40e5f63553b5f312cfd489a7473dd6 .av-special-heading-tag .heading-char{\nfont-size:25px;\n}\n.av-special-heading.av-l8u1a4n3-fe40e5f63553b5f312cfd489a7473dd6 .av-subheading{\nfont-size:15px;\n}\n<\/style>\n<div  class='av-special-heading av-l8u1a4n3-fe40e5f63553b5f312cfd489a7473dd6 av-special-heading-h2 blockquote modern-quote  avia-builder-el-19  el_after_av_image  el_before_av_hr '><h2 class='av-special-heading-tag'  itemprop=\"headline\"  >Calidad y mejora continua<\/h2><div class=\"special-heading-border\"><div class=\"special-heading-inner-border\"><\/div><\/div><\/div><br \/>\n\n<style type=\"text\/css\" data-created_by=\"avia_inline_auto\" id=\"style-css-av-21qq5-c0b3970421ce690094ce01e9820b42c6\">\n#top .hr.av-21qq5-c0b3970421ce690094ce01e9820b42c6{\nmargin-top:0px;\nmargin-bottom:15px;\n}\n.hr.av-21qq5-c0b3970421ce690094ce01e9820b42c6 .hr-inner{\nwidth:150px;\n}\n<\/style>\n<div  class='hr av-21qq5-c0b3970421ce690094ce01e9820b42c6 hr-custom  avia-builder-el-20  el_after_av_heading  el_before_av_textblock  hr-left hr-icon-no'><span class='hr-inner inner-border-av-border-fat'><span class=\"hr-inner-style\"><\/span><\/span><\/div><br \/>\n<section  class='av_textblock_section av-l8t1cv0f-e5ac7a171c4742da94f992c781881cdf'  itemscope=\"itemscope\" itemtype=\"https:\/\/schema.org\/CreativeWork\" ><div class='avia_textblock'  itemprop=\"text\" ><p>Facilitamos a nuestros clientes un aislamiento t\u00e9rmico-ac\u00fastico mediante diferentes soluciones con nuestros productos.<\/p>\n<p>Ponemos a su disposici\u00f3n un equipo de profesionales con gran experiencia .<\/p>\n<p>Tenemos una total disponibilidad para atender las necesidades de nuestros clientes en toda la comunidad de Castilla y Le\u00f3n<\/p>\n<\/div><\/section><\/p><\/div>\n<div class='flex_column av-1mr55-b5f91ca62d8901579bbf891601d63d01 av_one_half  avia-builder-el-22  el_after_av_one_half  el_before_av_one_full  flex_column_div column-top-margin'     ><p>\n<style type=\"text\/css\" data-created_by=\"avia_inline_auto\" id=\"style-css-av-l8u1fas6-0d20f73e55e9587a10f2817b83cedd85\">\n.avia-image-container.av-l8u1fas6-0d20f73e55e9587a10f2817b83cedd85 img.avia_image{\nbox-shadow:none;\n}\n.avia-image-container.av-l8u1fas6-0d20f73e55e9587a10f2817b83cedd85 .av-image-caption-overlay-center{\ncolor:#ffffff;\n}\n<\/style>\n<div  class='avia-image-container av-l8u1fas6-0d20f73e55e9587a10f2817b83cedd85 av-styling- avia-align-center  avia-builder-el-23  el_before_av_heading  avia-builder-el-first '   itemprop=\"image\" itemscope=\"itemscope\" itemtype=\"https:\/\/schema.org\/ImageObject\" ><div class=\"avia-image-container-inner\"><div class=\"avia-image-overlay-wrap\"><img decoding=\"async\" class='wp-image-295 avia-img-lazy-loading-not-295 avia_image ' src=\"https:\/\/affaislamientos.com\/wp-content\/uploads\/2022\/10\/office-ga2ab26936_640-640x321.jpg\" alt='' title='office-ga2ab26936_640'  height=\"321\" width=\"640\"  itemprop=\"thumbnailUrl\"  \/><\/div><\/div><\/div><br \/>\n\n<style type=\"text\/css\" data-created_by=\"avia_inline_auto\" id=\"style-css-av-l8u1b1kj-386d06e956726ba3e326e7308d4a8222\">\n#top .av-special-heading.av-l8u1b1kj-386d06e956726ba3e326e7308d4a8222{\npadding-bottom:5px;\n}\nbody .av-special-heading.av-l8u1b1kj-386d06e956726ba3e326e7308d4a8222 .av-special-heading-tag .heading-char{\nfont-size:25px;\n}\n.av-special-heading.av-l8u1b1kj-386d06e956726ba3e326e7308d4a8222 .av-subheading{\nfont-size:15px;\n}\n<\/style>\n<div  class='av-special-heading av-l8u1b1kj-386d06e956726ba3e326e7308d4a8222 av-special-heading-h2 blockquote modern-quote  avia-builder-el-24  el_after_av_image  el_before_av_hr '><h2 class='av-special-heading-tag'  itemprop=\"headline\"  >Dpto. de Ventas\/Comercial<\/h2><div class=\"special-heading-border\"><div class=\"special-heading-inner-border\"><\/div><\/div><\/div><br \/>\n\n<style type=\"text\/css\" data-created_by=\"avia_inline_auto\" id=\"style-css-av-xcsh-a48c444107fcb14044ddcb4056dfaf62\">\n#top .hr.av-xcsh-a48c444107fcb14044ddcb4056dfaf62{\nmargin-top:0px;\nmargin-bottom:15px;\n}\n.hr.av-xcsh-a48c444107fcb14044ddcb4056dfaf62 .hr-inner{\nwidth:150px;\n}\n<\/style>\n<div  class='hr av-xcsh-a48c444107fcb14044ddcb4056dfaf62 hr-custom  avia-builder-el-25  el_after_av_heading  el_before_av_textblock  hr-left hr-icon-no'><span class='hr-inner inner-border-av-border-fat'><span class=\"hr-inner-style\"><\/span><\/span><\/div><br \/>\n<section  class='av_textblock_section av-l8u1b75d-eadfaf778970b1cafb895a33663dc186'  itemscope=\"itemscope\" itemtype=\"https:\/\/schema.org\/CreativeWork\" ><div class='avia_textblock'  itemprop=\"text\" ><p>Asesoramiento y b\u00fasqueda de soluciones a trav\u00e9s de los departamentos t\u00e9cnicos de nuestros proveedores.<\/p>\n<p>Adem\u00e1s realizamos presupuestos sin ning\u00fan compromiso en el m\u00ednimo tiempo posible, present\u00e1ndoselo por escrito con las diversas soluciones aplicables a cada uno de los proyectos.<\/p>\n<\/div><\/section><\/p><\/div>\n<div class='flex_column av-3bkvp-85b02ee3e50293b1bad60f8edbce180e av_one_full  avia-builder-el-27  el_after_av_one_half  el_before_av_section  avia-builder-el-last  first flex_column_div column-top-margin'     ><style type=\"text\/css\" data-created_by=\"avia_inline_auto\" id=\"style-css-av-2vcb9-c470e82c4b0141b52f60e76746c3e1f6\">\n#top .hr.av-2vcb9-c470e82c4b0141b52f60e76746c3e1f6{\nmargin-top:30px;\nmargin-bottom:30px;\n}\n.hr.av-2vcb9-c470e82c4b0141b52f60e76746c3e1f6 .hr-inner{\nwidth:100%;\n}\n<\/style>\n<div  class='hr av-2vcb9-c470e82c4b0141b52f60e76746c3e1f6 hr-custom  avia-builder-el-28  avia-builder-el-no-sibling  hr-center hr-icon-no'><span class='hr-inner inner-border-av-border-fat'><span class=\"hr-inner-style\"><\/span><\/span><\/div><\/div>\n<\/div><\/div><\/div><!-- close content main div --><\/div><\/div><div id='servicios'  class='avia-section av-l96ts6y7-b20b4276466eaf69d05b7b4b2f961fad footer_color avia-section-default avia-no-border-styling  avia-builder-el-29  el_after_av_one_full  el_before_av_one_third  avia-bg-style-scroll av-minimum-height av-minimum-height-custom  container_wrap sidebar_right'   data-av_minimum_height_px='150'><div class='container av-section-cont-open' style='height:150px'><div class='template-page content  av-content-small alpha units'><div class='post-entry post-entry-type-page post-entry-25'><div class='entry-content-wrapper clearfix'>\n\n<style type=\"text\/css\" data-created_by=\"avia_inline_auto\" id=\"style-css-av-l96tqrwh-19ff030652d76b807e942ee92102a5e0\">\n#top .av-special-heading.av-l96tqrwh-19ff030652d76b807e942ee92102a5e0{\npadding-bottom:10px;\ncolor:#ffffff;\n}\nbody .av-special-heading.av-l96tqrwh-19ff030652d76b807e942ee92102a5e0 .av-special-heading-tag .heading-char{\nfont-size:25px;\n}\n.av-special-heading.av-l96tqrwh-19ff030652d76b807e942ee92102a5e0 .special-heading-inner-border{\nborder-color:#ffffff;\n}\n.av-special-heading.av-l96tqrwh-19ff030652d76b807e942ee92102a5e0 .av-subheading{\nfont-size:15px;\n}\n<\/style>\n<div  class='av-special-heading av-l96tqrwh-19ff030652d76b807e942ee92102a5e0 av-special-heading-h1 custom-color-heading blockquote modern-quote modern-centered  avia-builder-el-30  avia-builder-el-no-sibling '><h1 class='av-special-heading-tag'  itemprop=\"headline\"  >SERVICIOS<\/h1><div class=\"special-heading-border\"><div class=\"special-heading-inner-border\"><\/div><\/div><\/div>\n<\/div><\/div><\/div><!-- close content main div --><\/div><\/div><div id='after_section_2'  class='main_color av_default_container_wrap container_wrap sidebar_right'  ><div class='container av-section-cont-open' ><div class='template-page content  av-content-small alpha units'><div class='post-entry post-entry-type-page post-entry-25'><div class='entry-content-wrapper clearfix'>\n<div class='flex_column av-q4dh-025ae5111bd2ef2e4f5239ac961a2fc5 av_one_third  avia-builder-el-31  el_after_av_section  el_before_av_two_third  avia-builder-el-first  first flex_column_div '     ><style type=\"text\/css\" data-created_by=\"avia_inline_auto\" id=\"style-css-av-l92ox9ja-546573f925a6fcb9386b03a9f4aaa9c6\">\n.avia-image-container.av-l92ox9ja-546573f925a6fcb9386b03a9f4aaa9c6 img.avia_image{\nbox-shadow:none;\n}\n.avia-image-container.av-l92ox9ja-546573f925a6fcb9386b03a9f4aaa9c6 .av-image-caption-overlay-center{\ncolor:#ffffff;\n}\n<\/style>\n<div  class='avia-image-container av-l92ox9ja-546573f925a6fcb9386b03a9f4aaa9c6 av-styling- avia-align-center  avia-builder-el-32  avia-builder-el-no-sibling '   itemprop=\"image\" itemscope=\"itemscope\" itemtype=\"https:\/\/schema.org\/ImageObject\" ><div class=\"avia-image-container-inner\"><div class=\"avia-image-overlay-wrap\"><img decoding=\"async\" class='wp-image-79 avia-img-lazy-loading-not-79 avia_image ' src=\"https:\/\/affaislamientos.com\/wp-content\/uploads\/2015\/10\/architect-handling-keys-to-a-couple-300x254.jpg\" alt='' title='Architect handling keys to a couple'  height=\"254\" width=\"300\"  itemprop=\"thumbnailUrl\" srcset=\"https:\/\/affaislamientos.com\/wp-content\/uploads\/2015\/10\/architect-handling-keys-to-a-couple-300x254.jpg 300w, https:\/\/affaislamientos.com\/wp-content\/uploads\/2015\/10\/architect-handling-keys-to-a-couple-1030x873.jpg 1030w, https:\/\/affaislamientos.com\/wp-content\/uploads\/2015\/10\/architect-handling-keys-to-a-couple-768x651.jpg 768w, https:\/\/affaislamientos.com\/wp-content\/uploads\/2015\/10\/architect-handling-keys-to-a-couple-1500x1271.jpg 1500w, https:\/\/affaislamientos.com\/wp-content\/uploads\/2015\/10\/architect-handling-keys-to-a-couple-705x598.jpg 705w, https:\/\/affaislamientos.com\/wp-content\/uploads\/2015\/10\/architect-handling-keys-to-a-couple.jpg 1536w\" sizes=\"(max-width: 300px) 100vw, 300px\" \/><\/div><\/div><\/div><\/div>\n<div class='flex_column av-l92oy81x-19fc2af7f3129d810ebc228c819cc16a av_two_third  avia-builder-el-33  el_after_av_one_third  avia-builder-el-last  flex_column_div '     ><style type=\"text\/css\" data-created_by=\"avia_inline_auto\" id=\"style-css-av-l92ovr2t-a1be912a4176a4a722bcf502a50b47ed\">\n#top .av_textblock_section.av-l92ovr2t-a1be912a4176a4a722bcf502a50b47ed .avia_textblock{\nfont-size:16px;\n}\n<\/style>\n<section  class='av_textblock_section av-l92ovr2t-a1be912a4176a4a722bcf502a50b47ed'  itemscope=\"itemscope\" itemtype=\"https:\/\/schema.org\/CreativeWork\" ><div class='avia_textblock'  itemprop=\"text\" ><p>AFF Aislamientos dispone de una amplia plantilla de instaladores con disponibilidad para trasladarse a cualquier punto de la comunidad de Castilla y Le\u00f3n. Todos con una amplia experiencia\u00a0 en el sector y con una preparaci\u00f3n adecuada que les ha llevado a obtener la Tarjeta de Capacitaci\u00f3n Profesional.<\/p>\n<p>El capital humano nos ha llevado hasta donde hemos llegado<\/p>\n<\/div><\/section><\/div>\n","protected":false},"excerpt":{"rendered":"","protected":false},"author":1,"featured_media":0,"parent":0,"menu_order":0,"comment_status":"closed","ping_status":"closed","template":"","meta":{"footnotes":""},"class_list":["post-25","page","type-page","status-publish","hentry"],"_links":{"self":[{"href":"https:\/\/affaislamientos.com\/index.php?rest_route=\/wp\/v2\/pages\/25","targetHints":{"allow":["GET"]}}],"collection":[{"href":"https:\/\/affaislamientos.com\/index.php?rest_route=\/wp\/v2\/pages"}],"about":[{"href":"https:\/\/affaislamientos.com\/index.php?rest_route=\/wp\/v2\/types\/page"}],"author":[{"embeddable":true,"href":"https:\/\/affaislamientos.com\/index.php?rest_route=\/wp\/v2\/users\/1"}],"replies":[{"embeddable":true,"href":"https:\/\/affaislamientos.com\/index.php?rest_route=%2Fwp%2Fv2%2Fcomments&post=25"}],"version-history":[{"count":70,"href":"https:\/\/affaislamientos.com\/index.php?rest_route=\/wp\/v2\/pages\/25\/revisions"}],"predecessor-version":[{"id":581,"href":"https:\/\/affaislamientos.com\/index.php?rest_route=\/wp\/v2\/pages\/25\/revisions\/581"}],"wp:attachment":[{"href":"https:\/\/affaislamientos.com\/index.php?rest_route=%2Fwp%2Fv2%2Fmedia&parent=25"}],"curies":[{"name":"wp","href":"https:\/\/api.w.org\/{rel}","templated":true}]}}