{"id":31,"date":"2022-10-03T15:28:17","date_gmt":"2022-10-03T15:28:17","guid":{"rendered":"http:\/\/affaislamientos.com\/?page_id=31"},"modified":"2022-10-05T17:19:51","modified_gmt":"2022-10-05T17:19:51","slug":"contacto","status":"publish","type":"page","link":"https:\/\/affaislamientos.com\/?page_id=31","title":{"rendered":"Contacto"},"content":{"rendered":"<div id='full_slider_1'  class='avia-fullwidth-slider main_color avia-shadow   avia-builder-el-0  el_before_av_one_full  avia-builder-el-first   container_wrap sidebar_right'  ><div  class='avia-slideshow av-l8vw1ff4-e5e3e54237c5a379b53dd2b4c4d01b3b avia-slideshow-featured av_slideshow_full avia-slide-slider av-slideshow-ui av-control-hidden av-no-slider-navigation av-hide-nav-arrows av-slideshow-manual av-loop-once av-loop-manual-endless av-default-height-applied  image_no_stretch avia-slideshow-1' data-slideshow-options=\"{&quot;animation&quot;:&quot;slide&quot;,&quot;autoplay&quot;:false,&quot;loop_autoplay&quot;:&quot;once&quot;,&quot;interval&quot;:5,&quot;loop_manual&quot;:&quot;manual-endless&quot;,&quot;autoplay_stopper&quot;:false,&quot;noNavigation&quot;:true,&quot;bg_slider&quot;:false,&quot;keep_padding&quot;:false,&quot;hoverpause&quot;:false,&quot;show_slide_delay&quot;:0}\"  itemprop=\"image\" itemscope=\"itemscope\" itemtype=\"https:\/\/schema.org\/ImageObject\" ><ul class='avia-slideshow-inner ' style='padding-bottom: 28.666666666667%;'><li  class='avia-slideshow-slide av-l8vw1ff4-e5e3e54237c5a379b53dd2b4c4d01b3b__0  av-single-slide slide-1 slide-odd'><div data-rel='slideshow-1' class='avia-slide-wrap '   ><div class='av-slideshow-caption av-l8vw1ff4-e5e3e54237c5a379b53dd2b4c4d01b3b__0 caption_fullwidth caption_bottom caption_bottom_framed caption_framed'><div class=\"container caption_container\"><div class=\"slideshow_caption\"><div class=\"slideshow_inner_caption\"><div class=\"slideshow_align_caption\"><h2 class='avia-caption-title '  itemprop=\"name\" >CONTACTO<\/h2><div class='avia-caption-content '  itemprop=\"description\" ><p>Con este formulario de contacto puede hacernos llegar sus consultas o sugerencias.<br \/>\nNo olvide rellenar sus datos de contacto para que podamos responderle a la mayor brevedad posible.<\/p>\n<\/div><\/div><\/div><\/div><\/div><\/div><img decoding=\"async\" class=\"wp-image-351 avia-img-lazy-loading-not-351\"  src=\"https:\/\/affaislamientos.com\/wp-content\/uploads\/2022\/10\/contact-us-g61e4f8858_1920-1500x430.jpg\" width=\"1500\" height=\"430\" title='contact-us-g61e4f8858_1920' alt=''  itemprop=\"thumbnailUrl\"   \/><\/div><\/li><\/ul><\/div><\/div><div id='after_full_slider_1'  class='main_color av_default_container_wrap container_wrap sidebar_right'  ><div class='container av-section-cont-open' ><div class='template-page content  av-content-small alpha units'><div class='post-entry post-entry-type-page post-entry-31'><div class='entry-content-wrapper clearfix'>\n<div class='flex_column av-3pe9f-357d4a70db426c4e7a72eaf49c802d4e av_one_full  avia-builder-el-1  el_after_av_slideshow_full  avia-builder-el-no-sibling  first flex_column_div '     ><form action=\"https:\/\/affaislamientos.com\/?page_id=31\" method=\"post\"  class=\"avia_ajax_form av-form-labels-visible   avia-builder-el-2  avia-builder-el-no-sibling  av-custom-form-color av-dark-form \" data-avia-form-id=\"1\" data-avia-redirect='' ><h3 class=''>Cont\u00e1ctenos<\/h3><fieldset><p class='  first_form  form_element form_element_half' id='element_avia_1_1'><label for=\"avia_1_1\">Empresa<\/label> <input name=\"avia_1_1\" class=\"text_input \" type=\"text\" id=\"avia_1_1\" value=\"\" \/><\/p><p class='  form_element form_element_half' id='element_avia_2_1'><label for=\"avia_2_1\">Persona de contacto <abbr class=\"required\" title=\"requerido\">*<\/abbr><\/label> <input name=\"avia_2_1\" class=\"text_input is_empty\" type=\"text\" id=\"avia_2_1\" value=\"\" \/><\/p><p class='  first_form  form_element form_element_half' id='element_avia_3_1'><label for=\"avia_3_1\">Tel\u00e9fono <abbr class=\"required\" title=\"requerido\">*<\/abbr><\/label> <input name=\"avia_3_1\" class=\"text_input is_empty\" type=\"text\" id=\"avia_3_1\" value=\"\" \/><\/p><p class='  form_element form_element_half' id='element_avia_4_1'><label for=\"avia_4_1\">E-mail  <abbr class=\"required\" title=\"requerido\">*<\/abbr><\/label> <input name=\"avia_4_1\" class=\"text_input is_email\" type=\"text\" id=\"avia_4_1\" value=\"\" \/><\/p><p class='  first_form  form_element form_fullwidth' id='element_avia_5_1'><label for=\"avia_5_1\" class=\"textare_label hidden textare_label_avia_5_1\">Mensaje <abbr class=\"required\" title=\"requerido\">*<\/abbr><\/label><textarea  name=\"avia_5_1\" class=\"text_area is_empty\" cols=\"40\" rows=\"7\" id=\"avia_5_1\" ><\/textarea><\/p><p class='  first_form  form_element form_fullwidth' id='element_avia_6_1'><input  name=\"avia_6_1\" class=\"input_checkbox is_empty\" type=\"checkbox\" id=\"avia_6_1\" value=\"true\"\/><label class=\"input_checkbox_label\" for=\"avia_6_1\">He le\u00eddo y acepto las condiciones de uso y pol\u00edtica de privacidad <abbr class=\"required\" title=\"requerido\">*<\/abbr><\/label><\/p><p class='  first_form  form_element form_fullwidth' id='element_avia_7_1'><input  name=\"avia_7_1\" class=\"input_checkbox is_empty\" type=\"checkbox\" id=\"avia_7_1\" value=\"true\"\/><label class=\"input_checkbox_label\" for=\"avia_7_1\">Acepto el an\u00e1lisis de mi perfil para mejorar las comunicaciones comerciales <abbr class=\"required\" title=\"requerido\">*<\/abbr><\/label><\/p><p class='  first_form  form_element form_fullwidth' id='element_avia_8_1'><input  name=\"avia_8_1\" class=\"input_checkbox is_empty\" type=\"checkbox\" id=\"avia_8_1\" value=\"true\"\/><label class=\"input_checkbox_label\" for=\"avia_8_1\">Acepto el env\u00edo de comunicaciones comerciales <abbr class=\"required\" title=\"requerido\">*<\/abbr><\/label><\/p><div id='avia_9_1' class='av-form-text'><p>\nDe conformidad con lo establecido en el Reglamento (UE) 2016\/679 del Parlamento Europeo y del Consejo, de 27 de abril de 2016 relativo a la Protecci\u00f3n de Datos Personales, le informamos que todos los datos personales que nos va ha facilitar, podr\u00e1n ser incluidos en un fichero responsabilidad de AFF Aislamientos y Vidrio, S.L. con domicilio en la <span class=\"st\">Calle Kripton, 27<\/span>, <span class=\"st\">C.P 47012. Valladolid<\/span>, con la finalidad de canalizar las oportunas comunicaciones que se produzcan como consecuencia de la relaci\u00f3n que pudiera mantenerse con AFF Aislamientos y Vidrio, S.L., o con algunos de sus empleados. Normalmente la base jur\u00eddica que legitima este tratamiento, ser\u00e1 su consentimiento, el inter\u00e9s leg\u00edtimo o la necesidad para gestionar una relaci\u00f3n contractual o similar. El plazo de conservaci\u00f3n de sus datos vendr\u00e1 determinado por la relaci\u00f3n que mantiene con nosotros.<\/p>\n<\/div><p class=\"hidden\"><input type=\"text\" name=\"avia_10_1\" class=\"hidden \" id=\"avia_10_1\" value=\"\" \/><\/p><p class=\"form_element \"><input type=\"hidden\" value=\"1\" name=\"avia_generated_form1\" \/><input type=\"submit\" value=\"Enviar\" class=\"button\"  data-sending-label=\"Enviando\"\/><\/p><\/fieldset><\/form><div id=\"ajaxresponse_1\" class=\"ajaxresponse ajaxresponse_1 hidden\"><\/div><\/div>\n","protected":false},"excerpt":{"rendered":"","protected":false},"author":1,"featured_media":0,"parent":0,"menu_order":0,"comment_status":"closed","ping_status":"closed","template":"","meta":{"footnotes":""},"class_list":["post-31","page","type-page","status-publish","hentry"],"_links":{"self":[{"href":"https:\/\/affaislamientos.com\/index.php?rest_route=\/wp\/v2\/pages\/31","targetHints":{"allow":["GET"]}}],"collection":[{"href":"https:\/\/affaislamientos.com\/index.php?rest_route=\/wp\/v2\/pages"}],"about":[{"href":"https:\/\/affaislamientos.com\/index.php?rest_route=\/wp\/v2\/types\/page"}],"author":[{"embeddable":true,"href":"https:\/\/affaislamientos.com\/index.php?rest_route=\/wp\/v2\/users\/1"}],"replies":[{"embeddable":true,"href":"https:\/\/affaislamientos.com\/index.php?rest_route=%2Fwp%2Fv2%2Fcomments&post=31"}],"version-history":[{"count":13,"href":"https:\/\/affaislamientos.com\/index.php?rest_route=\/wp\/v2\/pages\/31\/revisions"}],"predecessor-version":[{"id":357,"href":"https:\/\/affaislamientos.com\/index.php?rest_route=\/wp\/v2\/pages\/31\/revisions\/357"}],"wp:attachment":[{"href":"https:\/\/affaislamientos.com\/index.php?rest_route=%2Fwp%2Fv2%2Fmedia&parent=31"}],"curies":[{"name":"wp","href":"https:\/\/api.w.org\/{rel}","templated":true}]}}