{"id":39,"date":"2022-10-03T15:29:37","date_gmt":"2022-10-03T15:29:37","guid":{"rendered":"http:\/\/affaislamientos.com\/?page_id=39"},"modified":"2025-07-11T09:48:37","modified_gmt":"2025-07-11T09:48:37","slug":"proveedores","status":"publish","type":"page","link":"https:\/\/affaislamientos.com\/?page_id=39","title":{"rendered":"Proveedores"},"content":{"rendered":"<div id='full_slider_1'  class='avia-fullwidth-slider main_color avia-shadow   avia-builder-el-0  el_before_av_one_fourth  avia-builder-el-first   container_wrap sidebar_right'  ><div  class='avia-slideshow av-rppr-6a645c380b4abd7a05309723ef900d20 avia-slideshow-featured av_slideshow_full avia-slide-slider av-slideshow-ui av-control-default av-slideshow-manual av-loop-once av-loop-manual-endless av-default-height-applied   avia-slideshow-1' data-slideshow-options=\"{&quot;animation&quot;:&quot;slide&quot;,&quot;autoplay&quot;:false,&quot;loop_autoplay&quot;:&quot;once&quot;,&quot;interval&quot;:5,&quot;loop_manual&quot;:&quot;manual-endless&quot;,&quot;autoplay_stopper&quot;:false,&quot;noNavigation&quot;:false,&quot;bg_slider&quot;:false,&quot;keep_padding&quot;:false,&quot;hoverpause&quot;:false,&quot;show_slide_delay&quot;:0}\"  itemprop=\"image\" itemscope=\"itemscope\" itemtype=\"https:\/\/schema.org\/ImageObject\" ><ul class='avia-slideshow-inner ' style='padding-bottom: 28.666666666667%;'><li  class='avia-slideshow-slide av-rppr-6a645c380b4abd7a05309723ef900d20__0  av-single-slide slide-1 slide-odd'><div data-rel='slideshow-1' class='avia-slide-wrap '   ><div class='av-slideshow-caption av-rppr-6a645c380b4abd7a05309723ef900d20__0 caption_fullwidth caption_bottom'><div class=\"container caption_container\"><div class=\"slideshow_caption\"><div class=\"slideshow_inner_caption\"><div class=\"slideshow_align_caption\"><h2 class='avia-caption-title '  itemprop=\"name\" >S\u00d3LO CON LOS MEJORES<\/h2><div class='avia-caption-content '  itemprop=\"description\" ><p>Distribuimos e instalamos los mejores productos del mercado europeo para conseguir con su montaje los niveles que exige el Nuevo C\u00f3digo de la Edificaci\u00f3n (CTE)<\/p>\n<\/div><a href='https:\/\/affaislamientos.com\/?page_id=37'  class='avia-slideshow-button avia-button avia-color-light ' data-duration='800' data-easing='easeInOutQuad'>NUESTROS TRABAJOS<\/a><\/div><\/div><\/div><\/div><\/div><img decoding=\"async\" class=\"wp-image-401 avia-img-lazy-loading-not-401\"  src=\"https:\/\/affaislamientos.com\/wp-content\/uploads\/2022\/10\/handshake-g964115b0c_1920-1500x430.jpg\" width=\"1500\" height=\"430\" title='handshake-g964115b0c_1920' alt=''  itemprop=\"thumbnailUrl\"   \/><\/div><\/li><\/ul><\/div><\/div><div id='after_full_slider_1'  class='main_color av_default_container_wrap container_wrap sidebar_right'  ><div class='container av-section-cont-open' ><div class='template-page content  av-content-small alpha units'><div class='post-entry post-entry-type-page post-entry-39'><div class='entry-content-wrapper clearfix'>\n<div class='flex_column av-72krn-bd0b9fb77ee541ee4043020ee521e192 av_one_fourth  avia-builder-el-1  el_after_av_slideshow_full  el_before_av_one_fourth  avia-builder-el-first  first flex_column_div '     ><p>\n<style type=\"text\/css\" data-created_by=\"avia_inline_auto\" id=\"style-css-av-5gxuf-f509403fd06071becd60c494fc9ebae2\">\n.avia_transform .avia-image-container.av-5gxuf-f509403fd06071becd60c494fc9ebae2{\n-webkit-animation-duration:2.5s;\n-moz-animation-duration:2.5s;\nanimation-duration:2.5s;\n}\n.avia-image-container.av-5gxuf-f509403fd06071becd60c494fc9ebae2 img.avia_image{\nbox-shadow:none;\n}\n.avia-image-container.av-5gxuf-f509403fd06071becd60c494fc9ebae2 .av-image-caption-overlay-center{\ncolor:#ffffff;\n}\n<\/style>\n<div  class='avia-image-container av-5gxuf-f509403fd06071becd60c494fc9ebae2 av-styling- avia_animated_image av-animated-when-visible-95 fade-in avia-align-center  avia-builder-el-2  el_before_av_textblock  avia-builder-el-first '   itemprop=\"image\" itemscope=\"itemscope\" itemtype=\"https:\/\/schema.org\/ImageObject\" ><div class=\"avia-image-container-inner\"><div class=\"avia-image-overlay-wrap\"><a href=\"https:\/\/www.knauf.es\/\" class='avia_image' target=\"_blank\" rel=\"noopener noreferrer\"><img decoding=\"async\" class='wp-image-585 avia-img-lazy-loading-not-585 avia_image ' src=\"https:\/\/affaislamientos.com\/wp-content\/uploads\/2025\/07\/KNAUFLogo2024sRGB-1-300x152.png\" alt='' title='KNAUFLogo2024sRGB (1)'  height=\"152\" width=\"300\"  itemprop=\"thumbnailUrl\" srcset=\"https:\/\/affaislamientos.com\/wp-content\/uploads\/2025\/07\/KNAUFLogo2024sRGB-1-300x152.png 300w, https:\/\/affaislamientos.com\/wp-content\/uploads\/2025\/07\/KNAUFLogo2024sRGB-1-1030x521.png 1030w, https:\/\/affaislamientos.com\/wp-content\/uploads\/2025\/07\/KNAUFLogo2024sRGB-1-768x389.png 768w, https:\/\/affaislamientos.com\/wp-content\/uploads\/2025\/07\/KNAUFLogo2024sRGB-1-1536x777.png 1536w, https:\/\/affaislamientos.com\/wp-content\/uploads\/2025\/07\/KNAUFLogo2024sRGB-1-2048x1037.png 2048w, https:\/\/affaislamientos.com\/wp-content\/uploads\/2025\/07\/KNAUFLogo2024sRGB-1-1500x759.png 1500w, https:\/\/affaislamientos.com\/wp-content\/uploads\/2025\/07\/KNAUFLogo2024sRGB-1-705x357.png 705w\" sizes=\"(max-width: 300px) 100vw, 300px\" \/><\/a><\/div><\/div><\/div><br \/>\n<section  class='av_textblock_section av-l8zt8die-62e42bd52790c063b34b3c1be2afd75c'  itemscope=\"itemscope\" itemtype=\"https:\/\/schema.org\/CreativeWork\" ><div class='avia_textblock'  itemprop=\"text\" ><p style=\"text-align: center;\">El yeso es un producto que resiste a la deformaci\u00f3n, es incombustible, qu\u00edmicamente neutro y libre de sustancias nocivas, por lo tanto inocuo f\u00e1cil de trabajar y aplicar.<\/p>\n<p style=\"text-align: center;\">La placa est\u00e1 sustituyendo al tradicional ladrillo, principalmente por su claras ventajas: agilidad de montaje, rapidez, limpieza, versatilidad en decoraci\u00f3n, aislamiento t\u00e9rmico y ac\u00fastico.<\/p>\n<p style=\"text-align: center;\">Con la placa de yeso laminado podremos instalar los sistemas de Trasdosado, Tabiques, Techos, Suelos, etc.<\/p>\n<\/div><\/section><\/p><\/div><div class='flex_column av-6jmtn-dd589136307d75b06d7af911c00a5f29 av_one_fourth  avia-builder-el-4  el_after_av_one_fourth  el_before_av_one_fourth  flex_column_div '     ><p>\n<style type=\"text\/css\" data-created_by=\"avia_inline_auto\" id=\"style-css-av-l8zska04-dfb0c0ee3dd7cabf456b7aa8e7cb9bcb\">\n.avia_transform .avia-image-container.av-l8zska04-dfb0c0ee3dd7cabf456b7aa8e7cb9bcb{\n-webkit-animation-duration:2.5s;\n-moz-animation-duration:2.5s;\nanimation-duration:2.5s;\n}\n.avia-image-container.av-l8zska04-dfb0c0ee3dd7cabf456b7aa8e7cb9bcb img.avia_image{\nbox-shadow:none;\n}\n.avia-image-container.av-l8zska04-dfb0c0ee3dd7cabf456b7aa8e7cb9bcb .av-image-caption-overlay-center{\ncolor:#ffffff;\n}\n<\/style>\n<div  class='avia-image-container av-l8zska04-dfb0c0ee3dd7cabf456b7aa8e7cb9bcb av-styling- avia_animated_image av-animated-when-visible-95 fade-in avia-align-center  avia-builder-el-5  el_before_av_textblock  avia-builder-el-first '   itemprop=\"image\" itemscope=\"itemscope\" itemtype=\"https:\/\/schema.org\/ImageObject\" ><div class=\"avia-image-container-inner\"><div class=\"avia-image-overlay-wrap\"><a href=\"https:\/\/www.ursa.es\/\" class='avia_image' target=\"_blank\" rel=\"noopener noreferrer\"><img decoding=\"async\" class='wp-image-395 avia-img-lazy-loading-not-395 avia_image ' src=\"https:\/\/affaislamientos.com\/wp-content\/uploads\/2022\/10\/Logo-URSA-300x212.jpg\" alt='' title='Logo URSA'  height=\"212\" width=\"300\"  itemprop=\"thumbnailUrl\" srcset=\"https:\/\/affaislamientos.com\/wp-content\/uploads\/2022\/10\/Logo-URSA-300x212.jpg 300w, https:\/\/affaislamientos.com\/wp-content\/uploads\/2022\/10\/Logo-URSA-1030x728.jpg 1030w, https:\/\/affaislamientos.com\/wp-content\/uploads\/2022\/10\/Logo-URSA-768x543.jpg 768w, https:\/\/affaislamientos.com\/wp-content\/uploads\/2022\/10\/Logo-URSA-1536x1086.jpg 1536w, https:\/\/affaislamientos.com\/wp-content\/uploads\/2022\/10\/Logo-URSA-1500x1060.jpg 1500w, https:\/\/affaislamientos.com\/wp-content\/uploads\/2022\/10\/Logo-URSA-260x185.jpg 260w, https:\/\/affaislamientos.com\/wp-content\/uploads\/2022\/10\/Logo-URSA-705x498.jpg 705w, https:\/\/affaislamientos.com\/wp-content\/uploads\/2022\/10\/Logo-URSA.jpg 1754w\" sizes=\"(max-width: 300px) 100vw, 300px\" \/><\/a><\/div><\/div><\/div><br \/>\n<section  class='av_textblock_section av-l8zskwtm-dbfb50f3632955e40dc6e59c73d7ef8a'  itemscope=\"itemscope\" itemtype=\"https:\/\/schema.org\/CreativeWork\" ><div class='avia_textblock'  itemprop=\"text\" ><p style=\"text-align: center;\">Es una de las empresas europeas l\u00edderes en el sector de aislantes, y con nuestros principales productos, lana de vidrio y poliestireno extruido, cubrimos todas las aplicaciones en los \u00e1mbitos del aislamiento t\u00e9rmico y ac\u00fastico.<\/p>\n<\/div><\/section><\/p><\/div><\/p>\n<div class='flex_column av-3zwtf-eb1b2c374021d058d739f94c633792a5 av_one_fourth  avia-builder-el-7  el_after_av_one_fourth  el_before_av_one_fourth  flex_column_div '     ><p>\n<style type=\"text\/css\" data-created_by=\"avia_inline_auto\" id=\"style-css-av-3de63-91d8722e4b8ae60bc94049a25abd13e0\">\n.avia_transform .avia-image-container.av-3de63-91d8722e4b8ae60bc94049a25abd13e0{\n-webkit-animation-duration:2.5s;\n-moz-animation-duration:2.5s;\nanimation-duration:2.5s;\n}\n.avia-image-container.av-3de63-91d8722e4b8ae60bc94049a25abd13e0 img.avia_image{\nbox-shadow:none;\n}\n.avia-image-container.av-3de63-91d8722e4b8ae60bc94049a25abd13e0 .av-image-caption-overlay-center{\ncolor:#ffffff;\n}\n<\/style>\n<div  class='avia-image-container av-3de63-91d8722e4b8ae60bc94049a25abd13e0 av-styling- avia_animated_image av-animated-when-visible-95 fade-in avia-align-center  avia-builder-el-8  el_before_av_textblock  avia-builder-el-first '   itemprop=\"image\" itemscope=\"itemscope\" itemtype=\"https:\/\/schema.org\/ImageObject\" ><div class=\"avia-image-container-inner\"><div class=\"avia-image-overlay-wrap\"><a href=\"https:\/\/www.knaufinsulation.es\/\" class='avia_image' target=\"_blank\" rel=\"noopener noreferrer\"><img decoding=\"async\" class='wp-image-572 avia-img-lazy-loading-not-572 avia_image ' src=\"https:\/\/affaislamientos.com\/wp-content\/uploads\/2023\/06\/KnaufCeiling.png\" alt='' title='KnaufCeiling'  height=\"68\" width=\"174\"  itemprop=\"thumbnailUrl\"  \/><\/a><\/div><\/div><\/div><br \/>\n<section  class='av_textblock_section av-l8ztakr4-fb034e9bcb7efa077d596f3f6c130f0b'  itemscope=\"itemscope\" itemtype=\"https:\/\/schema.org\/CreativeWork\" ><div class='avia_textblock'  itemprop=\"text\" ><p style=\"text-align: center;\">Soluciones de techo de Knauf. Los techos son una parte integral de cada espacio interior: proporcionan sensaci\u00f3n de bienestar y seguridad. Protecci\u00f3n de nuestros espacios y equilibrio entre ac\u00fastica y espacios saludables.<\/p>\n<\/div><\/section><\/p><\/div>\n<div class='flex_column av-sf0v-83505a063974cadcfdea068140d83c49 av_one_fourth  avia-builder-el-10  el_after_av_one_fourth  el_before_av_hr  flex_column_div '     ><p>\n<style type=\"text\/css\" data-created_by=\"avia_inline_auto\" id=\"style-css-av-lieoscu3-c05464212f49241ba24f8eed3ca55788\">\n.avia_transform .avia-image-container.av-lieoscu3-c05464212f49241ba24f8eed3ca55788{\n-webkit-animation-duration:2.5s;\n-moz-animation-duration:2.5s;\nanimation-duration:2.5s;\n}\n.avia-image-container.av-lieoscu3-c05464212f49241ba24f8eed3ca55788 img.avia_image{\nbox-shadow:none;\n}\n.avia-image-container.av-lieoscu3-c05464212f49241ba24f8eed3ca55788 .av-image-caption-overlay-center{\ncolor:#ffffff;\n}\n<\/style>\n<div  class='avia-image-container av-lieoscu3-c05464212f49241ba24f8eed3ca55788 av-styling- avia_animated_image av-animated-when-visible-95 fade-in avia-align-center  avia-builder-el-11  el_before_av_textblock  avia-builder-el-first '   itemprop=\"image\" itemscope=\"itemscope\" itemtype=\"https:\/\/schema.org\/ImageObject\" ><div class=\"avia-image-container-inner\"><div class=\"avia-image-overlay-wrap\"><a href=\"https:\/\/www.knaufinsulation.es\/\" class='avia_image' target=\"_blank\" rel=\"noopener noreferrer\"><img decoding=\"async\" class='wp-image-407 avia-img-lazy-loading-not-407 avia_image ' src=\"https:\/\/affaislamientos.com\/wp-content\/uploads\/2022\/10\/Logotipo_Heradesign.jpg\" alt='' title='Logotipo_Heradesign'  height=\"58\" width=\"150\"  itemprop=\"thumbnailUrl\"  \/><\/a><\/div><\/div><\/div><br \/>\n<section  class='av_textblock_section av-lieosqpt-72acae2ddc24ce797094bdc41833a2b1'  itemscope=\"itemscope\" itemtype=\"https:\/\/schema.org\/CreativeWork\" ><div class='avia_textblock'  itemprop=\"text\" ><p style=\"text-align: center;\">La Divisi\u00f3n de Techos de Heradesign es una unidad de negocio de Knauf Insulation GmbH, Fuernitz, Austria, as\u00ed como el l\u00edder del mercado en lo relativo a placas de techo ac\u00fasticas y decorativas compuestas de lana de madera.<\/p>\n<\/div><\/section><\/p><\/div>\n<div  class='hr av-13epb-198ec6055e476dcf8e9db3234a649441 hr-default  avia-builder-el-13  el_after_av_one_fourth  avia-builder-el-last '><span class='hr-inner '><span class=\"hr-inner-style\"><\/span><\/span><\/div>\n","protected":false},"excerpt":{"rendered":"","protected":false},"author":1,"featured_media":0,"parent":0,"menu_order":0,"comment_status":"closed","ping_status":"closed","template":"","meta":{"footnotes":""},"class_list":["post-39","page","type-page","status-publish","hentry"],"_links":{"self":[{"href":"https:\/\/affaislamientos.com\/index.php?rest_route=\/wp\/v2\/pages\/39","targetHints":{"allow":["GET"]}}],"collection":[{"href":"https:\/\/affaislamientos.com\/index.php?rest_route=\/wp\/v2\/pages"}],"about":[{"href":"https:\/\/affaislamientos.com\/index.php?rest_route=\/wp\/v2\/types\/page"}],"author":[{"embeddable":true,"href":"https:\/\/affaislamientos.com\/index.php?rest_route=\/wp\/v2\/users\/1"}],"replies":[{"embeddable":true,"href":"https:\/\/affaislamientos.com\/index.php?rest_route=%2Fwp%2Fv2%2Fcomments&post=39"}],"version-history":[{"count":35,"href":"https:\/\/affaislamientos.com\/index.php?rest_route=\/wp\/v2\/pages\/39\/revisions"}],"predecessor-version":[{"id":586,"href":"https:\/\/affaislamientos.com\/index.php?rest_route=\/wp\/v2\/pages\/39\/revisions\/586"}],"wp:attachment":[{"href":"https:\/\/affaislamientos.com\/index.php?rest_route=%2Fwp%2Fv2%2Fmedia&parent=39"}],"curies":[{"name":"wp","href":"https:\/\/api.w.org\/{rel}","templated":true}]}}